{"id":255,"date":"2025-12-27T00:08:58","date_gmt":"2025-12-27T00:08:58","guid":{"rendered":"https:\/\/galapagosea.com\/?page_id=255"},"modified":"2026-03-02T16:33:16","modified_gmt":"2026-03-02T16:33:16","slug":"about-our-boat","status":"publish","type":"page","link":"https:\/\/galapagosea.com\/es\/about-our-boat\/","title":{"rendered":"About Our Boat"},"content":{"rendered":"<div data-elementor-type=\"wp-page\" data-elementor-id=\"255\" class=\"elementor elementor-255\" data-elementor-post-type=\"page\">\n\t\t\t\t<div class=\"elementor-element elementor-element-3bed7f e-flex e-con-boxed e-con e-parent\" data-id=\"3bed7f\" data-element_type=\"container\" data-settings=\"{&quot;background_background&quot;:&quot;classic&quot;}\">\n\t\t\t\t\t<div class=\"e-con-inner\">\n\t\t\t\t<div class=\"elementor-element elementor-element-5374812f elementor-widget elementor-widget-heading\" data-id=\"5374812f\" data-element_type=\"widget\" data-widget_type=\"heading.default\">\n\t\t\t\t\t<h2 class=\"elementor-heading-title elementor-size-default\">About Our Boat<\/h2>\t\t\t\t<\/div>\n\t\t\t\t\t<\/div>\n\t\t\t\t<\/div>\n\t\t<div class=\"elementor-element elementor-element-6fa20855 e-flex e-con-boxed e-con e-parent\" data-id=\"6fa20855\" data-element_type=\"container\" data-settings=\"{&quot;background_background&quot;:&quot;classic&quot;}\">\n\t\t\t\t\t<div class=\"e-con-inner\">\n\t\t\t\t<div class=\"elementor-element elementor-element-5e7d48ea elementor-widget elementor-widget-text-editor\" data-id=\"5e7d48ea\" data-element_type=\"widget\" data-widget_type=\"text-editor.default\">\n\t\t\t\t\t\t\t\t\t<p>\u201cEstamos en plena actividad todo el a\u00f1o, \u00a1as\u00ed que elige el momento perfecto para lanzarte a esta incre\u00edble aventura con nosotros!\u201d<\/p>\t\t\t\t\t\t\t\t<\/div>\n\t\t<div class=\"elementor-element elementor-element-49f5b82 e-con-full e-flex e-con e-child\" data-id=\"49f5b82\" data-element_type=\"container\">\n\t\t<div class=\"elementor-element elementor-element-1838fc3 e-grid e-con-full e-con e-child\" data-id=\"1838fc3\" data-element_type=\"container\">\n\t\t\t\t<div class=\"elementor-element elementor-element-0e4078e elementor-view-default elementor-position-block-start elementor-mobile-position-block-start elementor-widget elementor-widget-icon-box\" data-id=\"0e4078e\" data-element_type=\"widget\" data-widget_type=\"icon-box.default\">\n\t\t\t\t\t\t\t<div class=\"elementor-icon-box-wrapper\">\n\n\t\t\t\t\t\t<div class=\"elementor-icon-box-icon\">\n\t\t\t\t<span  class=\"elementor-icon\">\n\t\t\t\t<svg aria-hidden=\"true\" class=\"e-font-icon-svg e-fas-water\" viewbox=\"0 0 576 512\" xmlns=\"http:\/\/www.w3.org\/2000\/svg\"><path d=\"M562.1 383.9c-21.5-2.4-42.1-10.5-57.9-22.9-14.1-11.1-34.2-11.3-48.2 0-37.9 30.4-107.2 30.4-145.7-1.5-13.5-11.2-33-9.1-46.7 1.8-38 30.1-106.9 30-145.2-1.7-13.5-11.2-33.3-8.9-47.1 2-15.5 12.2-36 20.1-57.7 22.4-7.9.8-13.6 7.8-13.6 15.7v32.2c0 9.1 7.6 16.8 16.7 16 28.8-2.5 56.1-11.4 79.4-25.9 56.5 34.6 137 34.1 192 0 56.5 34.6 137 34.1 192 0 23.3 14.2 50.9 23.3 79.1 25.8 9.1.8 16.7-6.9 16.7-16v-31.6c.1-8-5.7-15.4-13.8-16.3zm0-144c-21.5-2.4-42.1-10.5-57.9-22.9-14.1-11.1-34.2-11.3-48.2 0-37.9 30.4-107.2 30.4-145.7-1.5-13.5-11.2-33-9.1-46.7 1.8-38 30.1-106.9 30-145.2-1.7-13.5-11.2-33.3-8.9-47.1 2-15.5 12.2-36 20.1-57.7 22.4-7.9.8-13.6 7.8-13.6 15.7v32.2c0 9.1 7.6 16.8 16.7 16 28.8-2.5 56.1-11.4 79.4-25.9 56.5 34.6 137 34.1 192 0 56.5 34.6 137 34.1 192 0 23.3 14.2 50.9 23.3 79.1 25.8 9.1.8 16.7-6.9 16.7-16v-31.6c.1-8-5.7-15.4-13.8-16.3zm0-144C540.6 93.4 520 85.4 504.2 73 490.1 61.9 470 61.7 456 73c-37.9 30.4-107.2 30.4-145.7-1.5-13.5-11.2-33-9.1-46.7 1.8-38 30.1-106.9 30-145.2-1.7-13.5-11.2-33.3-8.9-47.1 2-15.5 12.2-36 20.1-57.7 22.4-7.9.8-13.6 7.8-13.6 15.7v32.2c0 9.1 7.6 16.8 16.7 16 28.8-2.5 56.1-11.4 79.4-25.9 56.5 34.6 137 34.1 192 0 56.5 34.6 137 34.1 192 0 23.3 14.2 50.9 23.3 79.1 25.8 9.1.8 16.7-6.9 16.7-16v-31.6c.1-8-5.7-15.4-13.8-16.3z\"><\/path><\/svg>\t\t\t\t<\/span>\n\t\t\t<\/div>\n\t\t\t\n\t\t\t\t\t\t<div class=\"elementor-icon-box-content\">\n\n\t\t\t\t\t\t\t\t\t<h3 class=\"elementor-icon-box-title\">\n\t\t\t\t\t\t<span  >\n\t\t\t\t\t\t\tTechnical Specifications\t\t\t\t\t\t<\/span>\n\t\t\t\t\t<\/h3>\n\t\t\t\t\n\t\t\t\t\n\t\t\t<\/div>\n\t\t\t\n\t\t<\/div>\n\t\t\t\t\t\t<\/div>\n\t\t\t\t<div class=\"elementor-element elementor-element-7aaf672 elementor-widget elementor-widget-text-editor\" data-id=\"7aaf672\" data-element_type=\"widget\" data-widget_type=\"text-editor.default\">\n\t\t\t\t\t\t\t\t\t<ul><li>Year built: 2014<\/li><li>Year refurbished: 2018<\/li><li>Overall length: 11 m<\/li><li>Beam: 3.10 m<\/li><li>Hull type: Fiberglass<\/li><li>Propulsion: Mechanical<\/li><li>Average cruising speed: 24 knots<\/li><li>Engine type: 3 Yamaha 200HP engines &#8211; 1 new YAMAHA 200HP backup engine on land<\/li><li>Maximum capacity: 24 passengers + 2 crew<\/li><\/ul>\t\t\t\t\t\t\t\t<\/div>\n\t\t\t\t<div class=\"elementor-element elementor-element-8205930 elementor-view-default elementor-position-block-start elementor-mobile-position-block-start elementor-widget elementor-widget-icon-box\" data-id=\"8205930\" data-element_type=\"widget\" data-widget_type=\"icon-box.default\">\n\t\t\t\t\t\t\t<div class=\"elementor-icon-box-wrapper\">\n\n\t\t\t\t\t\t<div class=\"elementor-icon-box-icon\">\n\t\t\t\t<span  class=\"elementor-icon\">\n\t\t\t\t<svg aria-hidden=\"true\" class=\"e-font-icon-svg e-fas-hand-holding-medical\" viewbox=\"0 0 576 512\" xmlns=\"http:\/\/www.w3.org\/2000\/svg\"><path d=\"M159.88,175.82h64v64a16,16,0,0,0,16,16h64a16,16,0,0,0,16-16v-64h64a16,16,0,0,0,16-16v-64a16,16,0,0,0-16-16h-64v-64a16,16,0,0,0-16-16h-64a16,16,0,0,0-16,16v64h-64a16,16,0,0,0-16,16v64A16,16,0,0,0,159.88,175.82ZM568.07,336.13a39.91,39.91,0,0,0-55.93-8.47L392.47,415.84H271.86a16,16,0,0,1,0-32H350.1c16,0,30.75-10.87,33.37-26.61a32.06,32.06,0,0,0-31.62-37.38h-160a117.7,117.7,0,0,0-74.12,26.25l-46.5,37.74H15.87a16.11,16.11,0,0,0-16,16v96a16.11,16.11,0,0,0,16,16h347a104.8,104.8,0,0,0,61.7-20.27L559.6,392A40,40,0,0,0,568.07,336.13Z\"><\/path><\/svg>\t\t\t\t<\/span>\n\t\t\t<\/div>\n\t\t\t\n\t\t\t\t\t\t<div class=\"elementor-icon-box-content\">\n\n\t\t\t\t\t\t\t\t\t<h3 class=\"elementor-icon-box-title\">\n\t\t\t\t\t\t<span  >\n\t\t\t\t\t\t\tSafety Equipment\t\t\t\t\t\t<\/span>\n\t\t\t\t\t<\/h3>\n\t\t\t\t\n\t\t\t\t\n\t\t\t<\/div>\n\t\t\t\n\t\t<\/div>\n\t\t\t\t\t\t<\/div>\n\t\t\t\t<div class=\"elementor-element elementor-element-6dfc72d elementor-widget elementor-widget-text-editor\" data-id=\"6dfc72d\" data-element_type=\"widget\" data-widget_type=\"text-editor.default\">\n\t\t\t\t\t\t\t\t\t<ul><li>Extinguishers: 1 FOAM, 1 Dry chemical, 1 CO2<\/li><li>Smoke detector: 1 in cabin, 1 in passageway<\/li><li>Fixed ICOM VHF radio<\/li><li>3 BOSCH batteries for engines, navigation equipment, and USB connectors<\/li><li>1 Magnetic compass<\/li><li>Life jackets: 28 adult and 4 child disembarkation SOLAS, 28 adult and 4 child abandonment SOLAS<\/li><li>1 Globalfix iPro 406 MHz EPIRB<\/li><li>AXIS 30 two-way radio<\/li><li>Garmin ECHOMAP Plus 43cv GPS<\/li><li>1 AIS (Automatic Identification System)<\/li><\/ul>\t\t\t\t\t\t\t\t<\/div>\n\t\t\t\t<\/div>\n\t\t\t\t<\/div>\n\t\t\t\t\t<\/div>\n\t\t\t\t<\/div>\n\t\t<div class=\"elementor-element elementor-element-1b2d350d e-flex e-con-boxed e-con e-parent\" data-id=\"1b2d350d\" data-element_type=\"container\" data-settings=\"{&quot;background_background&quot;:&quot;classic&quot;}\">\n\t\t\t\t\t<div class=\"e-con-inner\">\n\t\t<div class=\"elementor-element elementor-element-0cfe6c6 e-grid e-con-full e-con e-child\" data-id=\"0cfe6c6\" data-element_type=\"container\">\n\t\t\t\t<div class=\"elementor-element elementor-element-0d620d7 elementor-widget elementor-widget-image\" data-id=\"0d620d7\" data-element_type=\"widget\" data-widget_type=\"image.default\">\n\t\t\t\t\t\t\t\t\t\t\t\t\t\t\t<img fetchpriority=\"high\" decoding=\"async\" width=\"640\" height=\"360\" src=\"https:\/\/galapagosea.com\/wp-content\/uploads\/2025\/12\/north-sea-boat-3-1024x576.jpeg\" class=\"attachment-large size-large wp-image-248\" alt=\"\" srcset=\"https:\/\/galapagosea.com\/wp-content\/uploads\/2025\/12\/north-sea-boat-3-1024x576.jpeg 1024w, https:\/\/galapagosea.com\/wp-content\/uploads\/2025\/12\/north-sea-boat-3-300x169.jpeg 300w, https:\/\/galapagosea.com\/wp-content\/uploads\/2025\/12\/north-sea-boat-3-768x432.jpeg 768w, https:\/\/galapagosea.com\/wp-content\/uploads\/2025\/12\/north-sea-boat-3-600x338.jpeg 600w, https:\/\/galapagosea.com\/wp-content\/uploads\/2025\/12\/north-sea-boat-3.jpeg 1280w\" sizes=\"(max-width: 640px) 100vw, 640px\" \/>\t\t\t\t\t\t\t\t\t\t\t\t\t\t\t<\/div>\n\t\t\t\t<div class=\"elementor-element elementor-element-81054f8 elementor-widget elementor-widget-image\" data-id=\"81054f8\" data-element_type=\"widget\" data-widget_type=\"image.default\">\n\t\t\t\t\t\t\t\t\t\t\t\t\t\t\t<img decoding=\"async\" width=\"640\" height=\"360\" src=\"https:\/\/galapagosea.com\/wp-content\/uploads\/2025\/12\/north-sea-boat-2-1024x576.jpeg\" class=\"attachment-large size-large wp-image-250\" alt=\"\" srcset=\"https:\/\/galapagosea.com\/wp-content\/uploads\/2025\/12\/north-sea-boat-2-1024x576.jpeg 1024w, https:\/\/galapagosea.com\/wp-content\/uploads\/2025\/12\/north-sea-boat-2-300x169.jpeg 300w, https:\/\/galapagosea.com\/wp-content\/uploads\/2025\/12\/north-sea-boat-2-768x432.jpeg 768w, https:\/\/galapagosea.com\/wp-content\/uploads\/2025\/12\/north-sea-boat-2-600x338.jpeg 600w, https:\/\/galapagosea.com\/wp-content\/uploads\/2025\/12\/north-sea-boat-2.jpeg 1280w\" sizes=\"(max-width: 640px) 100vw, 640px\" \/>\t\t\t\t\t\t\t\t\t\t\t\t\t\t\t<\/div>\n\t\t\t\t<div class=\"elementor-element elementor-element-f87b176 elementor-widget elementor-widget-image\" data-id=\"f87b176\" data-element_type=\"widget\" data-widget_type=\"image.default\">\n\t\t\t\t\t\t\t\t\t\t\t\t\t\t\t<img decoding=\"async\" width=\"640\" height=\"360\" src=\"https:\/\/galapagosea.com\/wp-content\/uploads\/2025\/12\/north-sea-boat-1-1024x576.jpeg\" class=\"attachment-large size-large wp-image-249\" alt=\"\" srcset=\"https:\/\/galapagosea.com\/wp-content\/uploads\/2025\/12\/north-sea-boat-1-1024x576.jpeg 1024w, https:\/\/galapagosea.com\/wp-content\/uploads\/2025\/12\/north-sea-boat-1-300x169.jpeg 300w, https:\/\/galapagosea.com\/wp-content\/uploads\/2025\/12\/north-sea-boat-1-768x432.jpeg 768w, https:\/\/galapagosea.com\/wp-content\/uploads\/2025\/12\/north-sea-boat-1-600x338.jpeg 600w, https:\/\/galapagosea.com\/wp-content\/uploads\/2025\/12\/north-sea-boat-1.jpeg 1280w\" sizes=\"(max-width: 640px) 100vw, 640px\" \/>\t\t\t\t\t\t\t\t\t\t\t\t\t\t\t<\/div>\n\t\t\t\t<\/div>\n\t\t\t\t\t<\/div>\n\t\t\t\t<\/div>\n\t\t<div class=\"elementor-element elementor-element-afaf23e e-con-full e-flex e-con e-parent\" data-id=\"afaf23e\" data-element_type=\"container\">\n\t\t<div class=\"elementor-element elementor-element-a5360b6 e-con-full e-flex e-con e-child\" data-id=\"a5360b6\" data-element_type=\"container\">\n\t\t\t\t<div class=\"elementor-element elementor-element-8f4e6fc elementor-widget elementor-widget-tft-section-header\" data-id=\"8f4e6fc\" data-element_type=\"widget\" data-widget_type=\"tft-section-header.default\">\n\t\t\t\t<div class=\"elementor-widget-container\">\n\t\t\t\t\t\t\t\t<div class=\"tft-section-heading__one tft-section-head\" style=\"text-align: center;\">\n\t\t\t<h2 class=\"title section-title\">\n\t\t\t\tTestimonios\t\t\t\t<span class=\"section-title-suffix\">\n\t\t\t\t\t\t\t\t\t<\/span>\n\t\t\t<\/h2>\n\t\t\t<p class=\"subtitle\">\n\t\t\t\t\u00a1No te f\u00edes solo de lo que decimos nosotros! Escucha lo que opinan nuestros clientes\t\t\t<p>\n\t\t<\/div>\n\t\t\t\t\t<\/div>\n\t\t\t\t<\/div>\n\t\t\t\t<\/div>\n\t\t<div class=\"elementor-element elementor-element-1ac61c1 e-flex e-con-boxed e-con e-child\" data-id=\"1ac61c1\" data-element_type=\"container\" data-settings=\"{&quot;background_background&quot;:&quot;classic&quot;}\">\n\t\t\t\t\t<div class=\"e-con-inner\">\n\t\t<div class=\"elementor-element elementor-element-08e75d1 e-flex e-con-boxed e-con e-child\" data-id=\"08e75d1\" data-element_type=\"container\" data-settings=\"{&quot;background_background&quot;:&quot;classic&quot;}\">\n\t\t\t\t\t<div class=\"e-con-inner\">\n\t\t\t\t<div class=\"elementor-element elementor-element-b7ad468 elementor-widget elementor-widget-testimonial\" data-id=\"b7ad468\" data-element_type=\"widget\" data-widget_type=\"testimonial.default\">\n\t\t\t\t\t\t\t<div class=\"elementor-testimonial-wrapper\">\n\t\t\t\t\t\t\t<div class=\"elementor-testimonial-content\">Si solo pudieras elegir una actividad en las Gal\u00e1pagos, \u00a1no te pierdas esta excursi\u00f3n! El paisaje parec\u00eda sacado de una pel\u00edcula: acantilados imponentes y aguas turquesas tan cristalinas que se pod\u00eda ver el fondo desde el kayak. Lo mejor de todo, sin embargo, fue el buceo con esn\u00f3rquel; tuvimos la suerte de ver varios tiburones de punta blanca y una incre\u00edble variedad de vida marina a solo unos metros de distancia.\n<br><br>\nEl servicio a bordo fue incre\u00edble. La tripulaci\u00f3n era muy divertida, atenta y no paraba de servir aperitivos y bebidas. \u00a1No puedo recomendarlo lo suficiente!<\/div>\n\t\t\t\n\t\t\t\t\t\t<div class=\"elementor-testimonial-meta elementor-has-image elementor-testimonial-image-position-top\">\n\t\t\t\t<div class=\"elementor-testimonial-meta-inner\">\n\t\t\t\t\t\t\t\t\t\t\t<div class=\"elementor-testimonial-image\">\n\t\t\t\t\t\t\t<img loading=\"lazy\" decoding=\"async\" width=\"400\" height=\"400\" src=\"https:\/\/galapagosea.com\/wp-content\/uploads\/2026\/03\/galapagosea-testimonial1.jpg\" class=\"attachment-full size-full wp-image-1134\" alt=\"\" srcset=\"https:\/\/galapagosea.com\/wp-content\/uploads\/2026\/03\/galapagosea-testimonial1.jpg 400w, https:\/\/galapagosea.com\/wp-content\/uploads\/2026\/03\/galapagosea-testimonial1-300x300.jpg 300w, https:\/\/galapagosea.com\/wp-content\/uploads\/2026\/03\/galapagosea-testimonial1-150x150.jpg 150w, https:\/\/galapagosea.com\/wp-content\/uploads\/2026\/03\/galapagosea-testimonial1-100x100.jpg 100w\" sizes=\"(max-width: 400px) 100vw, 400px\" \/>\t\t\t\t\t\t<\/div>\n\t\t\t\t\t\n\t\t\t\t\t\t\t\t\t\t<div class=\"elementor-testimonial-details\">\n\t\t\t\t\t\t\t\t\t\t\t\t\t\t<div class=\"elementor-testimonial-name\">Julie Ramsey<\/div>\n\t\t\t\t\t\t\t\t\t\t\t\t\t\t\t\t\t\t\t\t\t\t<div class=\"elementor-testimonial-job\">Cliente del Mar del Norte<\/div>\n\t\t\t\t\t\t\t\t\t\t\t\t\t<\/div>\n\t\t\t\t\t\t\t\t\t<\/div>\n\t\t\t<\/div>\n\t\t\t\t\t<\/div>\n\t\t\t\t\t\t<\/div>\n\t\t\t\t\t<\/div>\n\t\t\t\t<\/div>\n\t\t<div class=\"elementor-element elementor-element-45ecb93 e-flex e-con-boxed e-con e-child\" data-id=\"45ecb93\" data-element_type=\"container\" data-settings=\"{&quot;background_background&quot;:&quot;classic&quot;}\">\n\t\t\t\t\t<div class=\"e-con-inner\">\n\t\t\t\t<div class=\"elementor-element elementor-element-449ca9b elementor-widget elementor-widget-testimonial\" data-id=\"449ca9b\" data-element_type=\"widget\" data-widget_type=\"testimonial.default\">\n\t\t\t\t\t\t\t<div class=\"elementor-testimonial-wrapper\">\n\t\t\t\t\t\t\t<div class=\"elementor-testimonial-content\">He participado en muchas excursiones acu\u00e1ticas, pero el servicio a bordo de esta excursi\u00f3n establece un nuevo est\u00e1ndar, empezando por la informaci\u00f3n que nos dieron en el punto de encuentro. El equipo era de buena calidad, las instrucciones de seguridad fueron exhaustivas y Omar demostr\u00f3 tener un conocimiento incre\u00edble del ecosistema local.\n<br><br>\nLa parte dedicada al kayak nos ofreci\u00f3 unas vistas costeras impresionantes que simplemente no se pueden ver desde tierra. En cuanto nos metimos al agua para hacer snorkel, la 'ruta marina' no nos decepcion\u00f3: vimos varios tiburones y bancos de peces de colores vivos. Fue una experiencia profesional, impecable y que vali\u00f3 cada centavo.<\/div>\n\t\t\t\n\t\t\t\t\t\t<div class=\"elementor-testimonial-meta elementor-has-image elementor-testimonial-image-position-top\">\n\t\t\t\t<div class=\"elementor-testimonial-meta-inner\">\n\t\t\t\t\t\t\t\t\t\t\t<div class=\"elementor-testimonial-image\">\n\t\t\t\t\t\t\t<img loading=\"lazy\" decoding=\"async\" width=\"400\" height=\"400\" src=\"https:\/\/galapagosea.com\/wp-content\/uploads\/2026\/03\/galapagosea-testimonial2.jpg\" class=\"attachment-full size-full wp-image-1133\" alt=\"\" srcset=\"https:\/\/galapagosea.com\/wp-content\/uploads\/2026\/03\/galapagosea-testimonial2.jpg 400w, https:\/\/galapagosea.com\/wp-content\/uploads\/2026\/03\/galapagosea-testimonial2-300x300.jpg 300w, https:\/\/galapagosea.com\/wp-content\/uploads\/2026\/03\/galapagosea-testimonial2-150x150.jpg 150w, https:\/\/galapagosea.com\/wp-content\/uploads\/2026\/03\/galapagosea-testimonial2-100x100.jpg 100w\" sizes=\"(max-width: 400px) 100vw, 400px\" \/>\t\t\t\t\t\t<\/div>\n\t\t\t\t\t\n\t\t\t\t\t\t\t\t\t\t<div class=\"elementor-testimonial-details\">\n\t\t\t\t\t\t\t\t\t\t\t\t\t\t<div class=\"elementor-testimonial-name\">Alex Chapman<\/div>\n\t\t\t\t\t\t\t\t\t\t\t\t\t\t\t\t\t\t\t\t\t\t<div class=\"elementor-testimonial-job\">Cliente del Mar del Norte<\/div>\n\t\t\t\t\t\t\t\t\t\t\t\t\t<\/div>\n\t\t\t\t\t\t\t\t\t<\/div>\n\t\t\t<\/div>\n\t\t\t\t\t<\/div>\n\t\t\t\t\t\t<\/div>\n\t\t\t\t\t<\/div>\n\t\t\t\t<\/div>\n\t\t\t\t\t<\/div>\n\t\t\t\t<\/div>\n\t\t\t\t<\/div>\n\t\t\t\t<\/div>","protected":false},"excerpt":{"rendered":"<p>About Our Boat &#8220;We&#8217;re in full swing all year long, so pick your perfect moment to jump into this incredible adventure with us!&#8221; Technical Specifications Year built: 2014 Year refurbished: 2018 Overall length: 11 m Beam: 3.10 m Hull type: Fiberglass Propulsion: Mechanical Average cruising speed: 24 knots Engine type: 3 Yamaha 200HP engines &#8211;&hellip;<\/p>","protected":false},"author":1,"featured_media":0,"parent":0,"menu_order":0,"comment_status":"closed","ping_status":"closed","template":"elementor_header_footer","meta":{"footnotes":""},"class_list":["post-255","page","type-page","status-publish","hentry"],"_hostinger_reach_plugin_has_subscription_block":false,"_hostinger_reach_plugin_is_elementor":false,"_links":{"self":[{"href":"https:\/\/galapagosea.com\/es\/wp-json\/wp\/v2\/pages\/255","targetHints":{"allow":["GET"]}}],"collection":[{"href":"https:\/\/galapagosea.com\/es\/wp-json\/wp\/v2\/pages"}],"about":[{"href":"https:\/\/galapagosea.com\/es\/wp-json\/wp\/v2\/types\/page"}],"author":[{"embeddable":true,"href":"https:\/\/galapagosea.com\/es\/wp-json\/wp\/v2\/users\/1"}],"replies":[{"embeddable":true,"href":"https:\/\/galapagosea.com\/es\/wp-json\/wp\/v2\/comments?post=255"}],"version-history":[{"count":12,"href":"https:\/\/galapagosea.com\/es\/wp-json\/wp\/v2\/pages\/255\/revisions"}],"predecessor-version":[{"id":1140,"href":"https:\/\/galapagosea.com\/es\/wp-json\/wp\/v2\/pages\/255\/revisions\/1140"}],"wp:attachment":[{"href":"https:\/\/galapagosea.com\/es\/wp-json\/wp\/v2\/media?parent=255"}],"curies":[{"name":"wp","href":"https:\/\/api.w.org\/{rel}","templated":true}]}}