{"id":75,"date":"2025-12-12T15:00:21","date_gmt":"2025-12-12T15:00:21","guid":{"rendered":"https:\/\/galapagosea.com\/about-us\/"},"modified":"2026-03-02T16:31:32","modified_gmt":"2026-03-02T16:31:32","slug":"about-us","status":"publish","type":"page","link":"https:\/\/galapagosea.com\/es\/about-us\/","title":{"rendered":"Acerca de"},"content":{"rendered":"<div data-elementor-type=\"wp-page\" data-elementor-id=\"75\" class=\"elementor elementor-75\" data-elementor-post-type=\"page\">\n\t\t\t\t<div class=\"elementor-element elementor-element-3bed7f e-flex e-con-boxed e-con e-parent\" data-id=\"3bed7f\" data-element_type=\"container\" data-settings=\"{&quot;background_background&quot;:&quot;classic&quot;}\">\n\t\t\t\t\t<div class=\"e-con-inner\">\n\t\t\t\t<div class=\"elementor-element elementor-element-5374812f elementor-widget elementor-widget-heading\" data-id=\"5374812f\" data-element_type=\"widget\" data-widget_type=\"heading.default\">\n\t\t\t\t\t<h2 class=\"elementor-heading-title elementor-size-default\">Acerca de<\/h2>\t\t\t\t<\/div>\n\t\t\t\t\t<\/div>\n\t\t\t\t<\/div>\n\t\t<div class=\"elementor-element elementor-element-631740dd e-flex e-con-boxed e-con e-parent\" data-id=\"631740dd\" data-element_type=\"container\" data-settings=\"{&quot;background_background&quot;:&quot;classic&quot;}\">\n\t\t\t\t\t<div class=\"e-con-inner\">\n\t\t<div class=\"elementor-element elementor-element-3f4dcdc8 e-flex e-con-boxed e-con e-child\" data-id=\"3f4dcdc8\" data-element_type=\"container\" data-settings=\"{&quot;background_background&quot;:&quot;classic&quot;}\">\n\t\t\t\t\t<div class=\"e-con-inner\">\n\t\t\t\t<div class=\"elementor-element elementor-element-275114a3 elementor-widget__width-initial elementor-widget elementor-widget-heading\" data-id=\"275114a3\" data-element_type=\"widget\" data-widget_type=\"heading.default\">\n\t\t\t\t\t<h2 class=\"elementor-heading-title elementor-size-default\">10+ <br>A\u00f1os<\/h2>\t\t\t\t<\/div>\n\t\t\t\t<div class=\"elementor-element elementor-element-289ea26a elementor-widget elementor-widget-heading\" data-id=\"289ea26a\" data-element_type=\"widget\" data-widget_type=\"heading.default\">\n\t\t\t\t\t<h2 class=\"elementor-heading-title elementor-size-default\">Experiencia<\/h2>\t\t\t\t<\/div>\n\t\t\t\t\t<\/div>\n\t\t\t\t<\/div>\n\t\t<div class=\"elementor-element elementor-element-6d723658 e-flex e-con-boxed e-con e-child\" data-id=\"6d723658\" data-element_type=\"container\" data-settings=\"{&quot;background_background&quot;:&quot;classic&quot;}\">\n\t\t\t\t\t<div class=\"e-con-inner\">\n\t\t\t\t<div class=\"elementor-element elementor-element-6dabc637 elementor-widget__width-initial elementor-widget elementor-widget-heading\" data-id=\"6dabc637\" data-element_type=\"widget\" data-widget_type=\"heading.default\">\n\t\t\t\t\t<h2 class=\"elementor-heading-title elementor-size-default\">10  <br> Mill\u00f3n<\/h2>\t\t\t\t<\/div>\n\t\t\t\t<div class=\"elementor-element elementor-element-5ba2fbbb elementor-widget elementor-widget-heading\" data-id=\"5ba2fbbb\" data-element_type=\"widget\" data-widget_type=\"heading.default\">\n\t\t\t\t\t<h2 class=\"elementor-heading-title elementor-size-default\">Viajero satisfecho<\/h2>\t\t\t\t<\/div>\n\t\t\t\t\t<\/div>\n\t\t\t\t<\/div>\n\t\t<div class=\"elementor-element elementor-element-199f8b3e e-flex e-con-boxed e-con e-child\" data-id=\"199f8b3e\" data-element_type=\"container\" data-settings=\"{&quot;background_background&quot;:&quot;classic&quot;}\">\n\t\t\t\t\t<div class=\"e-con-inner\">\n\t\t\t\t<div class=\"elementor-element elementor-element-3723c033 elementor-widget__width-initial elementor-widget elementor-widget-heading\" data-id=\"3723c033\" data-element_type=\"widget\" data-widget_type=\"heading.default\">\n\t\t\t\t\t<h2 class=\"elementor-heading-title elementor-size-default\">M\u00e1s de<br>5<\/h2>\t\t\t\t<\/div>\n\t\t\t\t<div class=\"elementor-element elementor-element-40e12146 elementor-widget elementor-widget-heading\" data-id=\"40e12146\" data-element_type=\"widget\" data-widget_type=\"heading.default\">\n\t\t\t\t\t<h2 class=\"elementor-heading-title elementor-size-default\">Excursiones disponibles<\/h2>\t\t\t\t<\/div>\n\t\t\t\t\t<\/div>\n\t\t\t\t<\/div>\n\t\t\t\t\t<\/div>\n\t\t\t\t<\/div>\n\t\t<div class=\"elementor-element elementor-element-6f71ea3b e-flex e-con-boxed e-con e-parent\" data-id=\"6f71ea3b\" data-element_type=\"container\" data-settings=\"{&quot;background_background&quot;:&quot;classic&quot;}\">\n\t\t\t\t\t<div class=\"e-con-inner\">\n\t\t\t\t<div class=\"elementor-element elementor-element-651e9d07 elementor-widget elementor-widget-heading\" data-id=\"651e9d07\" data-element_type=\"widget\" data-widget_type=\"heading.default\">\n\t\t\t\t\t<h2 class=\"elementor-heading-title elementor-size-default\">Aportamos energ\u00eda, entusiasmo e innovaci\u00f3n a todo lo que hacemos.<\/h2>\t\t\t\t<\/div>\n\t\t\t\t<div class=\"elementor-element elementor-element-48b24ce9 elementor-widget elementor-widget-text-editor\" data-id=\"48b24ce9\" data-element_type=\"widget\" data-widget_type=\"text-editor.default\">\n\t\t\t\t\t\t\t\t\t<p>Durante a\u00f1os, las actividades tur\u00edsticas han tenido un impacto significativo en la econom\u00eda y el medio ambiente locales de las Islas Gal\u00e1pagos, convirti\u00e9ndose en un referente mundial del turismo sostenible. Esta actividad econ\u00f3mica ha creado oportunidades \u00fanicas para operaciones de bajo impacto ambiental y alto valor socioecon\u00f3mico para los residentes de las islas, generando perspectivas de desarrollo y educaci\u00f3n para la poblaci\u00f3n local, lo que ha repercutido positivamente en la calidad de vida tanto de los habitantes como de los visitantes.<\/p><div><div><p>Como una orgullosa familia \u201cgalapague\u00f1a\u201d, estamos comprometidos con la conservaci\u00f3n de nuestro hogar, las Gal\u00e1pagos. Perm\u00edtanos compartir con usted actividades muy divertidas, informativas y seguras, acompa\u00f1adas de nuestro amable personal. Desde 2005, hemos colaborado con diversas empresas para ofrecer experiencias de primera clase a sus hu\u00e9spedes, \u00a1pero ahora es nuestro momento de brillar! Tras mucho trabajo duro, estamos encantados de dedicar toda nuestra energ\u00eda a nuestro peque\u00f1o negocio.<\/p><\/div><\/div>\t\t\t\t\t\t\t\t<\/div>\n\t\t\t\t\t<\/div>\n\t\t\t\t<\/div>\n\t\t<div class=\"elementor-element elementor-element-6fa20855 e-flex e-con-boxed e-con e-parent\" data-id=\"6fa20855\" data-element_type=\"container\" data-settings=\"{&quot;background_background&quot;:&quot;classic&quot;}\">\n\t\t\t\t\t<div class=\"e-con-inner\">\n\t\t\t\t<div class=\"elementor-element elementor-element-5e7d48ea elementor-widget elementor-widget-text-editor\" data-id=\"5e7d48ea\" data-element_type=\"widget\" data-widget_type=\"text-editor.default\">\n\t\t\t\t\t\t\t\t\t<p>\u201cEstamos en plena actividad todo el a\u00f1o, \u00a1as\u00ed que elige el momento perfecto para lanzarte a esta incre\u00edble aventura con nosotros!\u201d<\/p>\t\t\t\t\t\t\t\t<\/div>\n\t\t\t\t\t<\/div>\n\t\t\t\t<\/div>\n\t\t<div class=\"elementor-element elementor-element-1b2d350d e-flex e-con-boxed e-con e-parent\" data-id=\"1b2d350d\" data-element_type=\"container\" data-settings=\"{&quot;background_background&quot;:&quot;classic&quot;}\">\n\t\t\t\t\t<div class=\"e-con-inner\">\n\t\t\t\t<div class=\"elementor-element elementor-element-529760f9 elementor-widget__width-inherit elementor-widget elementor-widget-image\" data-id=\"529760f9\" data-element_type=\"widget\" data-widget_type=\"image.default\">\n\t\t\t\t\t\t\t\t\t\t\t\t\t\t\t<img fetchpriority=\"high\" decoding=\"async\" width=\"1710\" height=\"2560\" src=\"https:\/\/galapagosea.com\/wp-content\/uploads\/2026\/02\/KAYAKDIA1_CarlosESPINOSA-51-scaled.jpg\" class=\"attachment-full size-full wp-image-982\" alt=\"\" srcset=\"https:\/\/galapagosea.com\/wp-content\/uploads\/2026\/02\/KAYAKDIA1_CarlosESPINOSA-51-scaled.jpg 1710w, https:\/\/galapagosea.com\/wp-content\/uploads\/2026\/02\/KAYAKDIA1_CarlosESPINOSA-51-200x300.jpg 200w, https:\/\/galapagosea.com\/wp-content\/uploads\/2026\/02\/KAYAKDIA1_CarlosESPINOSA-51-684x1024.jpg 684w, https:\/\/galapagosea.com\/wp-content\/uploads\/2026\/02\/KAYAKDIA1_CarlosESPINOSA-51-768x1150.jpg 768w, https:\/\/galapagosea.com\/wp-content\/uploads\/2026\/02\/KAYAKDIA1_CarlosESPINOSA-51-1026x1536.jpg 1026w, https:\/\/galapagosea.com\/wp-content\/uploads\/2026\/02\/KAYAKDIA1_CarlosESPINOSA-51-1368x2048.jpg 1368w, https:\/\/galapagosea.com\/wp-content\/uploads\/2026\/02\/KAYAKDIA1_CarlosESPINOSA-51-600x898.jpg 600w\" sizes=\"(max-width: 1710px) 100vw, 1710px\" \/>\t\t\t\t\t\t\t\t\t\t\t\t\t\t\t<\/div>\n\t\t\t\t\t<\/div>\n\t\t\t\t<\/div>\n\t\t<div class=\"elementor-element elementor-element-afaf23e e-con-full e-flex e-con e-parent\" data-id=\"afaf23e\" data-element_type=\"container\">\n\t\t\t\t<div class=\"elementor-element elementor-element-9d75057 elementor-widget elementor-widget-tft-section-header\" data-id=\"9d75057\" data-element_type=\"widget\" data-widget_type=\"tft-section-header.default\">\n\t\t\t\t<div class=\"elementor-widget-container\">\n\t\t\t\t\t\t\t\t<div class=\"tft-section-heading__one tft-section-head\" style=\"text-align: center;\">\n\t\t\t<h2 class=\"title section-title\">\n\t\t\t\tTestimonios\t\t\t\t<span class=\"section-title-suffix\">\n\t\t\t\t\t\t\t\t\t<\/span>\n\t\t\t<\/h2>\n\t\t\t<p class=\"subtitle\">\n\t\t\t\t\u00a1No te f\u00edes solo de lo que decimos nosotros! Escucha lo que opinan nuestros clientes\t\t\t<p>\n\t\t<\/div>\n\t\t\t\t\t<\/div>\n\t\t\t\t<\/div>\n\t\t\t\t<\/div>\n\t\t<div class=\"elementor-element elementor-element-3a01ae1 e-flex e-con-boxed e-con e-parent\" data-id=\"3a01ae1\" data-element_type=\"container\" data-settings=\"{&quot;background_background&quot;:&quot;classic&quot;}\">\n\t\t\t\t\t<div class=\"e-con-inner\">\n\t\t<div class=\"elementor-element elementor-element-48aee36 e-flex e-con-boxed e-con e-child\" data-id=\"48aee36\" data-element_type=\"container\" data-settings=\"{&quot;background_background&quot;:&quot;classic&quot;}\">\n\t\t\t\t\t<div class=\"e-con-inner\">\n\t\t\t\t<div class=\"elementor-element elementor-element-28ed956 elementor-widget elementor-widget-testimonial\" data-id=\"28ed956\" data-element_type=\"widget\" data-widget_type=\"testimonial.default\">\n\t\t\t\t\t\t\t<div class=\"elementor-testimonial-wrapper\">\n\t\t\t\t\t\t\t<div class=\"elementor-testimonial-content\">Si solo pudieras elegir una actividad en las Gal\u00e1pagos, \u00a1no te pierdas esta excursi\u00f3n! El paisaje parec\u00eda sacado de una pel\u00edcula: acantilados imponentes y aguas turquesas tan cristalinas que se pod\u00eda ver el fondo desde el kayak. Lo mejor de todo, sin embargo, fue el buceo con esn\u00f3rquel; tuvimos la suerte de ver varios tiburones de punta blanca y una incre\u00edble variedad de vida marina a solo unos metros de distancia.\n<br><br>\nEl servicio a bordo fue incre\u00edble. La tripulaci\u00f3n era muy divertida, atenta y no paraba de servir aperitivos y bebidas. \u00a1No puedo recomendarlo lo suficiente!<\/div>\n\t\t\t\n\t\t\t\t\t\t<div class=\"elementor-testimonial-meta elementor-has-image elementor-testimonial-image-position-top\">\n\t\t\t\t<div class=\"elementor-testimonial-meta-inner\">\n\t\t\t\t\t\t\t\t\t\t\t<div class=\"elementor-testimonial-image\">\n\t\t\t\t\t\t\t<img decoding=\"async\" width=\"400\" height=\"400\" src=\"https:\/\/galapagosea.com\/wp-content\/uploads\/2026\/03\/galapagosea-testimonial1.jpg\" class=\"attachment-full size-full wp-image-1134\" alt=\"\" srcset=\"https:\/\/galapagosea.com\/wp-content\/uploads\/2026\/03\/galapagosea-testimonial1.jpg 400w, https:\/\/galapagosea.com\/wp-content\/uploads\/2026\/03\/galapagosea-testimonial1-300x300.jpg 300w, https:\/\/galapagosea.com\/wp-content\/uploads\/2026\/03\/galapagosea-testimonial1-150x150.jpg 150w, https:\/\/galapagosea.com\/wp-content\/uploads\/2026\/03\/galapagosea-testimonial1-100x100.jpg 100w\" sizes=\"(max-width: 400px) 100vw, 400px\" \/>\t\t\t\t\t\t<\/div>\n\t\t\t\t\t\n\t\t\t\t\t\t\t\t\t\t<div class=\"elementor-testimonial-details\">\n\t\t\t\t\t\t\t\t\t\t\t\t\t\t<div class=\"elementor-testimonial-name\">Julie Ramsey<\/div>\n\t\t\t\t\t\t\t\t\t\t\t\t\t\t\t\t\t\t\t\t\t\t<div class=\"elementor-testimonial-job\">Cliente del Mar del Norte<\/div>\n\t\t\t\t\t\t\t\t\t\t\t\t\t<\/div>\n\t\t\t\t\t\t\t\t\t<\/div>\n\t\t\t<\/div>\n\t\t\t\t\t<\/div>\n\t\t\t\t\t\t<\/div>\n\t\t\t\t\t<\/div>\n\t\t\t\t<\/div>\n\t\t<div class=\"elementor-element elementor-element-78ecacf e-flex e-con-boxed e-con e-child\" data-id=\"78ecacf\" data-element_type=\"container\" data-settings=\"{&quot;background_background&quot;:&quot;classic&quot;}\">\n\t\t\t\t\t<div class=\"e-con-inner\">\n\t\t\t\t<div class=\"elementor-element elementor-element-0ed8cc6 elementor-widget elementor-widget-testimonial\" data-id=\"0ed8cc6\" data-element_type=\"widget\" data-widget_type=\"testimonial.default\">\n\t\t\t\t\t\t\t<div class=\"elementor-testimonial-wrapper\">\n\t\t\t\t\t\t\t<div class=\"elementor-testimonial-content\">He participado en muchas excursiones acu\u00e1ticas, pero el servicio a bordo de esta excursi\u00f3n establece un nuevo est\u00e1ndar, empezando por la informaci\u00f3n que nos dieron en el punto de encuentro. El equipo era de buena calidad, las instrucciones de seguridad fueron exhaustivas y Omar demostr\u00f3 tener un conocimiento incre\u00edble del ecosistema local.\n<br><br>\nLa parte dedicada al kayak nos ofreci\u00f3 unas vistas costeras impresionantes que simplemente no se pueden ver desde tierra. En cuanto nos metimos al agua para hacer snorkel, la 'ruta marina' no nos decepcion\u00f3: vimos varios tiburones y bancos de peces de colores vivos. Fue una experiencia profesional, impecable y que vali\u00f3 cada centavo.<\/div>\n\t\t\t\n\t\t\t\t\t\t<div class=\"elementor-testimonial-meta elementor-has-image elementor-testimonial-image-position-top\">\n\t\t\t\t<div class=\"elementor-testimonial-meta-inner\">\n\t\t\t\t\t\t\t\t\t\t\t<div class=\"elementor-testimonial-image\">\n\t\t\t\t\t\t\t<img decoding=\"async\" width=\"400\" height=\"400\" src=\"https:\/\/galapagosea.com\/wp-content\/uploads\/2026\/03\/galapagosea-testimonial2.jpg\" class=\"attachment-full size-full wp-image-1133\" alt=\"\" srcset=\"https:\/\/galapagosea.com\/wp-content\/uploads\/2026\/03\/galapagosea-testimonial2.jpg 400w, https:\/\/galapagosea.com\/wp-content\/uploads\/2026\/03\/galapagosea-testimonial2-300x300.jpg 300w, https:\/\/galapagosea.com\/wp-content\/uploads\/2026\/03\/galapagosea-testimonial2-150x150.jpg 150w, https:\/\/galapagosea.com\/wp-content\/uploads\/2026\/03\/galapagosea-testimonial2-100x100.jpg 100w\" sizes=\"(max-width: 400px) 100vw, 400px\" \/>\t\t\t\t\t\t<\/div>\n\t\t\t\t\t\n\t\t\t\t\t\t\t\t\t\t<div class=\"elementor-testimonial-details\">\n\t\t\t\t\t\t\t\t\t\t\t\t\t\t<div class=\"elementor-testimonial-name\">Alex Chapman<\/div>\n\t\t\t\t\t\t\t\t\t\t\t\t\t\t\t\t\t\t\t\t\t\t<div class=\"elementor-testimonial-job\">Cliente del Mar del Norte<\/div>\n\t\t\t\t\t\t\t\t\t\t\t\t\t<\/div>\n\t\t\t\t\t\t\t\t\t<\/div>\n\t\t\t<\/div>\n\t\t\t\t\t<\/div>\n\t\t\t\t\t\t<\/div>\n\t\t\t\t\t<\/div>\n\t\t\t\t<\/div>\n\t\t\t\t\t<\/div>\n\t\t\t\t<\/div>\n\t\t\t\t<\/div>","protected":false},"excerpt":{"rendered":"<p>About Us 10+ Years Experience 10 Million Satisfied Traveler More than5 Available Tours We bring energy, enthusiasm, and innovation to everything we do. For years, tourism activities have had a significant impact on the local economy and environment of the Gal\u00e1pagos Islands, becoming a global benchmark for sustainable tourism. This economic activity has created unique&hellip;<\/p>","protected":false},"author":1,"featured_media":0,"parent":0,"menu_order":0,"comment_status":"closed","ping_status":"closed","template":"elementor_header_footer","meta":{"footnotes":""},"class_list":["post-75","page","type-page","status-publish","hentry"],"_hostinger_reach_plugin_has_subscription_block":false,"_hostinger_reach_plugin_is_elementor":false,"_links":{"self":[{"href":"https:\/\/galapagosea.com\/es\/wp-json\/wp\/v2\/pages\/75","targetHints":{"allow":["GET"]}}],"collection":[{"href":"https:\/\/galapagosea.com\/es\/wp-json\/wp\/v2\/pages"}],"about":[{"href":"https:\/\/galapagosea.com\/es\/wp-json\/wp\/v2\/types\/page"}],"author":[{"embeddable":true,"href":"https:\/\/galapagosea.com\/es\/wp-json\/wp\/v2\/users\/1"}],"replies":[{"embeddable":true,"href":"https:\/\/galapagosea.com\/es\/wp-json\/wp\/v2\/comments?post=75"}],"version-history":[{"count":15,"href":"https:\/\/galapagosea.com\/es\/wp-json\/wp\/v2\/pages\/75\/revisions"}],"predecessor-version":[{"id":1137,"href":"https:\/\/galapagosea.com\/es\/wp-json\/wp\/v2\/pages\/75\/revisions\/1137"}],"wp:attachment":[{"href":"https:\/\/galapagosea.com\/es\/wp-json\/wp\/v2\/media?parent=75"}],"curies":[{"name":"wp","href":"https:\/\/api.w.org\/{rel}","templated":true}]}}